{"id":126,"date":"2024-05-10T20:39:47","date_gmt":"2024-05-10T19:39:47","guid":{"rendered":"http:\/\/localhost\/A\/AbrantesAdvogados\/Dev\/build\/wordpress\/?page_id=126"},"modified":"2024-10-08T17:14:59","modified_gmt":"2024-10-08T16:14:59","slug":"home","status":"publish","type":"page","link":"https:\/\/www.abrantesadvogados.com\/de\/","title":{"rendered":"Home"},"content":{"rendered":"\n<p>Mit \u00fcber f\u00fcnfundzwanzig Jahren Berufserfahrung, vor allem im Bereich des Unternehmensrechts, spiegelt diese Kanzlei die Automatisierung von Erfahrung seines Gr\u00fcnders, Absolvent der Rechtsfakult\u00e4t der Universit\u00e4t Lissabon \u2013 eine der beide prestigevollste Rechtsfakult\u00e4ten in Portugal\u2026<\/p>\n","protected":false},"excerpt":{"rendered":"<p>Mit \u00fcber zwanzig Jahren Berufserfahrung, vor allem im Bereich des Unternehmensrechts, spiegelt diese Kanzlei die Automatisierung von Erfahrung seines Gr\u00fcnders<\/p>\n","protected":false},"author":2,"featured_media":112,"parent":0,"menu_order":1,"comment_status":"closed","ping_status":"closed","template":"","meta":{"footnotes":""},"class_list":["post-126","page","type-page","status-publish","has-post-thumbnail","hentry"],"_links":{"self":[{"href":"https:\/\/www.abrantesadvogados.com\/de\/wp-json\/wp\/v2\/pages\/126","targetHints":{"allow":["GET"]}}],"collection":[{"href":"https:\/\/www.abrantesadvogados.com\/de\/wp-json\/wp\/v2\/pages"}],"about":[{"href":"https:\/\/www.abrantesadvogados.com\/de\/wp-json\/wp\/v2\/types\/page"}],"author":[{"embeddable":true,"href":"https:\/\/www.abrantesadvogados.com\/de\/wp-json\/wp\/v2\/users\/2"}],"replies":[{"embeddable":true,"href":"https:\/\/www.abrantesadvogados.com\/de\/wp-json\/wp\/v2\/comments?post=126"}],"version-history":[{"count":4,"href":"https:\/\/www.abrantesadvogados.com\/de\/wp-json\/wp\/v2\/pages\/126\/revisions"}],"predecessor-version":[{"id":460,"href":"https:\/\/www.abrantesadvogados.com\/de\/wp-json\/wp\/v2\/pages\/126\/revisions\/460"}],"wp:featuredmedia":[{"embeddable":true,"href":"https:\/\/www.abrantesadvogados.com\/de\/wp-json\/wp\/v2\/media\/112"}],"wp:attachment":[{"href":"https:\/\/www.abrantesadvogados.com\/de\/wp-json\/wp\/v2\/media?parent=126"}],"curies":[{"name":"wp","href":"https:\/\/api.w.org\/{rel}","templated":true}]}}