{"id":142,"date":"2024-05-10T20:40:01","date_gmt":"2024-05-10T19:40:01","guid":{"rendered":"http:\/\/localhost\/A\/AbrantesAdvogados\/Dev\/build\/wordpress\/sobre-nos\/"},"modified":"2024-10-08T16:57:19","modified_gmt":"2024-10-08T15:57:19","slug":"uber-uns","status":"publish","type":"page","link":"https:\/\/www.abrantesadvogados.com\/de\/uber-uns\/","title":{"rendered":"\u00dcber Uns"},"content":{"rendered":"\n<p>Mit \u00fcber f\u00fcnfundzwanzig Jahren Berufserfahrung, vor allem im Bereich des Unternehmensrechts, spiegelt diese Kanzlei die Automatisierung von Erfahrung seines Gr\u00fcnders, Absolvent der Rechtsfakult\u00e4t der Universit\u00e4t Lissabon &#8211; eine der beide prestigevollste Rechtsfakult\u00e4ten in Portugal &#8211; der au\u00dfergew\u00f6hnliche juristische Dienstleistungen in einer integrierten Art und Weise an Unternehmen und Privatpersonen in Portugal und im Ausland bieten m\u00f6chte.<\/p>\n\n\n\n<p>Seit seiner Gr\u00fcndung im Jahr 2009 hat die Kanzlei haupts\u00e4chlich ausl\u00e4ndische Kunden bei ihren Investitionen in Portugal erfolgreich beraten, unabh\u00e4ngig davon, ob es sich um Privatpersonen, kleine, mittlere oder gro\u00dfe Unternehmen handelt.<\/p>\n\n\n\n<p>Die Kanzlei geh\u00f6rt zu einem internationalen Netzwerk von unabh\u00e4ngigen Anwaltskanzleien, die auf Gesch\u00e4fts und Unternehmensbereiche spezialisiert sind und nicht exklusiv zur Verf\u00fcgung stehen. In mehr als 100 L\u00e4ndern auf f\u00fcnf Kontinente vertreten erm\u00f6glicht die Kanzlei sowohl seinen inl\u00e4ndischen als auch seinen ausl\u00e4ndischen Kunden eine permanente und vertrauensw\u00fcrdige juristische Betreuung, wenn sie ihre Investitionen und Aktivit\u00e4ten in einem dieser L\u00e4nder t\u00e4tigen.<\/p>\n","protected":false},"excerpt":{"rendered":"<p>Mit \u00fcber zwanzig Jahren Berufserfahrung, vor allem im Bereich des Unternehmensrechts, spiegelt diese Kanzlei die Automatisierung von Erfahrung seines Gr\u00fcnders<\/p>\n","protected":false},"author":2,"featured_media":0,"parent":0,"menu_order":2,"comment_status":"closed","ping_status":"closed","template":"","meta":{"footnotes":""},"class_list":["post-142","page","type-page","status-publish","hentry"],"_links":{"self":[{"href":"https:\/\/www.abrantesadvogados.com\/de\/wp-json\/wp\/v2\/pages\/142","targetHints":{"allow":["GET"]}}],"collection":[{"href":"https:\/\/www.abrantesadvogados.com\/de\/wp-json\/wp\/v2\/pages"}],"about":[{"href":"https:\/\/www.abrantesadvogados.com\/de\/wp-json\/wp\/v2\/types\/page"}],"author":[{"embeddable":true,"href":"https:\/\/www.abrantesadvogados.com\/de\/wp-json\/wp\/v2\/users\/2"}],"replies":[{"embeddable":true,"href":"https:\/\/www.abrantesadvogados.com\/de\/wp-json\/wp\/v2\/comments?post=142"}],"version-history":[{"count":2,"href":"https:\/\/www.abrantesadvogados.com\/de\/wp-json\/wp\/v2\/pages\/142\/revisions"}],"predecessor-version":[{"id":448,"href":"https:\/\/www.abrantesadvogados.com\/de\/wp-json\/wp\/v2\/pages\/142\/revisions\/448"}],"wp:attachment":[{"href":"https:\/\/www.abrantesadvogados.com\/de\/wp-json\/wp\/v2\/media?parent=142"}],"curies":[{"name":"wp","href":"https:\/\/api.w.org\/{rel}","templated":true}]}}