{"id":173,"date":"2024-05-10T20:40:36","date_gmt":"2024-05-10T19:40:36","guid":{"rendered":"http:\/\/localhost\/A\/AbrantesAdvogados\/Dev\/build\/wordpress\/equipa\/"},"modified":"2025-12-04T16:39:50","modified_gmt":"2025-12-04T16:39:50","slug":"team","status":"publish","type":"page","link":"https:\/\/www.abrantesadvogados.com\/de\/team\/","title":{"rendered":"Team"},"content":{"rendered":"\n<p>Andr\u00e9 Abrantes &#8211; Gr\u00fcnder Rechtsanwalt\/partner<\/p>\n\n\n\n<p><em>Lebenslauf<\/em>:<\/p>\n\n\n\n<ul class=\"wp-block-list\">\n<li>Studium der Rechtswissenschaften an der Rechtsfakult\u00e4t der Universit\u00e4t Lissabon (1994-1999);<\/li>\n\n\n\n<li>Graduierung Verwaltungsrecht and der Rechtsfakult\u00e4t der Universit\u00e4t Lissabon (1999-2000);<\/li>\n\n\n\n<li>&#8222;Corporate Legal Programm: Unternehemen erwerbung &#8211; rechtliche und steuerliche aspekte&#8220; and der IE Rechtsfakult\u00e4t, Madrid, Spanien (2011);<\/li>\n\n\n\n<li>Praktikant Rechtsanwalt (1999-2002);<\/li>\n\n\n\n<li>Rechtsanwalt und Senior Rechtsanwalt in mehreren portugiesischen Anwaltskanzleien (2002-2009);<\/li>\n\n\n\n<li>Gr\u00fcndungsrechtsanwalt\/partner seit 2009;<\/li>\n\n\n\n<li>Senior Rechtsanwalt (compliance) bei mehreren internationalen Banken, Z\u00fcrich, Schweiz;<\/li>\n\n\n\n<li>Freiberufliche Rechts- und Sprachsachverst\u00e4ndige f\u00fcr den Gerichtshof der Europ\u00e4ischen Union (2010-2013);<\/li>\n\n\n\n<li>Rechtsberater im Rathaus von Lissabon (2004-2006);<\/li>\n\n\n\n<li>Mitglied des Verwaltungsrates der Portugiesisch-Belgisch-Luxemburgischen Handelskammer (2010-2011 und 2012-2013);<\/li>\n\n\n\n<li>Studium and der Alliance Fran\u00e7aise (18\/20), dem Goethe-Institut, Istituto Italiano und Verdienst Stipendium von der Deutschen Botschaft in Portugal;<\/li>\n\n\n\n<li>Beendet das Gymnasium mit einem letzten Durchschnitt von 19 Werte (0-20);<\/li>\n\n\n\n<li>Autor mehrerer Artikel und Ver\u00f6ffentlichungen, insbesondere in den Bereichen Unternehmens-, Immobilien-, Steuerrecht und Investitionen in Portugal.<\/li>\n<\/ul>\n","protected":false},"excerpt":{"rendered":"<p>Andr\u00e9 Abrantes &#8211; Gr\u00fcnder Rechtsanwalt\/partner Lebenslauf:<\/p>\n","protected":false},"author":2,"featured_media":0,"parent":0,"menu_order":5,"comment_status":"closed","ping_status":"closed","template":"","meta":{"footnotes":""},"class_list":["post-173","page","type-page","status-publish","hentry"],"_links":{"self":[{"href":"https:\/\/www.abrantesadvogados.com\/de\/wp-json\/wp\/v2\/pages\/173","targetHints":{"allow":["GET"]}}],"collection":[{"href":"https:\/\/www.abrantesadvogados.com\/de\/wp-json\/wp\/v2\/pages"}],"about":[{"href":"https:\/\/www.abrantesadvogados.com\/de\/wp-json\/wp\/v2\/types\/page"}],"author":[{"embeddable":true,"href":"https:\/\/www.abrantesadvogados.com\/de\/wp-json\/wp\/v2\/users\/2"}],"replies":[{"embeddable":true,"href":"https:\/\/www.abrantesadvogados.com\/de\/wp-json\/wp\/v2\/comments?post=173"}],"version-history":[{"count":5,"href":"https:\/\/www.abrantesadvogados.com\/de\/wp-json\/wp\/v2\/pages\/173\/revisions"}],"predecessor-version":[{"id":471,"href":"https:\/\/www.abrantesadvogados.com\/de\/wp-json\/wp\/v2\/pages\/173\/revisions\/471"}],"wp:attachment":[{"href":"https:\/\/www.abrantesadvogados.com\/de\/wp-json\/wp\/v2\/media?parent=173"}],"curies":[{"name":"wp","href":"https:\/\/api.w.org\/{rel}","templated":true}]}}