{"id":178,"date":"2024-05-10T20:40:44","date_gmt":"2024-05-10T19:40:44","guid":{"rendered":"http:\/\/localhost\/A\/AbrantesAdvogados\/Dev\/build\/wordpress\/trabalho-realizado\/"},"modified":"2024-05-16T12:33:20","modified_gmt":"2024-05-16T11:33:20","slug":"arbeit-erledigt","status":"publish","type":"page","link":"https:\/\/www.abrantesadvogados.com\/de\/arbeit-erledigt\/","title":{"rendered":"Arbeit Erledigt"},"content":{"rendered":"\n<p>Seit seiner Gr\u00fcndung im Jahr 2009 bietet das B\u00fcro Rechtsdienstleistungen mit gro\u00dfem Erfolg in den unterschiedlichsten Bereichen an. Hier einige Beispiele unserer bisherigen Arbeit:<\/p>\n\n\n\n<ul class=\"wp-block-list\">\n<li>Gr\u00fcndung mehrerer Gesellschaften mit beschr\u00e4nkter Haftung f\u00fcr verschiedene ausl\u00e4ndische und portugiesische Kunden;<\/li>\n\n\n\n<li>Laufende t\u00e4gliche Rechtsberatung f\u00fcr mehrere Unternehmen;<\/li>\n\n\n\n<li>Entwurf \/ \u00dcberpr\u00fcfung verschiedener Arten von Handelsabkommen f\u00fcr verschiedene ausl\u00e4ndische und portugiesische Kunden wie Liefer, Vertrieb, Agentur und Franchising;<\/li>\n\n\n\n<li>Erwerb und Verkauf von Anteilen an mehreren Unternehmen;<\/li>\n\n\n\n<li>Entwurf von Arbeitsvertr\u00e4gen f\u00fcr mehrere Unternehmen;<\/li>\n\n\n\n<li>Kauf und Verkauf von Immobilien f\u00fcr mehrere ausl\u00e4ndische und portugiesische Kunden;<\/li>\n\n\n\n<li>Entwurf \/ \u00dcberpr\u00fcfung von Mietvertr\u00e4gen f\u00fcr mehrere ausl\u00e4ndische und portugiesische Kunden;<\/li>\n\n\n\n<li>Rechtsgutachten in den verschiedenen Rechtsgebieten (Handels- und Gesellschaftsrecht, Bank- und Finanzwesen, Kapitalm\u00e4rkte, Arbeitsrecht, Steuern, Zivilrecht);<\/li>\n\n\n\n<li>Allgemeine Steuerstreitigkeiten;<\/li>\n\n\n\n<li>Verhandlungen mit Versicherungsunternehmen \u00fcber die Gew\u00e4hrung einer Entsch\u00e4digung aus der Haftung bei Autounf\u00e4llen;<\/li>\n\n\n\n<li>Prozessrecht im Bereich der Kreditr\u00fcckforderung;<\/li>\n\n\n\n<li>Markenzeichenregistrierung;<\/li>\n\n\n\n<li>Rechtsstreitigkeiten im Bereich des gewerblichen und geistigen Eigentums;<\/li>\n\n\n\n<li>Rechtshilfe im Bereich des Erbrechts;<\/li>\n\n\n\n<li>Rechtshilfe im Bereich der Einwanderung und bei der Erlangung der portugiesischen Staatsangeh\u00f6rigkeit.<\/li>\n<\/ul>\n","protected":false},"excerpt":{"rendered":"<p>Seit seiner Gr\u00fcndung im Jahr 2009 bietet das B\u00fcro Rechtsdienstleistungen mit gro\u00dfem Erfolg in den unterschiedlichsten Bereichen an. Hier einige Beispiele unserer bisherigen Arbeit:<\/p>\n","protected":false},"author":2,"featured_media":0,"parent":0,"menu_order":6,"comment_status":"closed","ping_status":"closed","template":"","meta":{"footnotes":""},"class_list":["post-178","page","type-page","status-publish","hentry"],"_links":{"self":[{"href":"https:\/\/www.abrantesadvogados.com\/de\/wp-json\/wp\/v2\/pages\/178","targetHints":{"allow":["GET"]}}],"collection":[{"href":"https:\/\/www.abrantesadvogados.com\/de\/wp-json\/wp\/v2\/pages"}],"about":[{"href":"https:\/\/www.abrantesadvogados.com\/de\/wp-json\/wp\/v2\/types\/page"}],"author":[{"embeddable":true,"href":"https:\/\/www.abrantesadvogados.com\/de\/wp-json\/wp\/v2\/users\/2"}],"replies":[{"embeddable":true,"href":"https:\/\/www.abrantesadvogados.com\/de\/wp-json\/wp\/v2\/comments?post=178"}],"version-history":[{"count":4,"href":"https:\/\/www.abrantesadvogados.com\/de\/wp-json\/wp\/v2\/pages\/178\/revisions"}],"predecessor-version":[{"id":377,"href":"https:\/\/www.abrantesadvogados.com\/de\/wp-json\/wp\/v2\/pages\/178\/revisions\/377"}],"wp:attachment":[{"href":"https:\/\/www.abrantesadvogados.com\/de\/wp-json\/wp\/v2\/media?parent=178"}],"curies":[{"name":"wp","href":"https:\/\/api.w.org\/{rel}","templated":true}]}}