{"id":198,"date":"2024-05-10T20:41:38","date_gmt":"2024-05-10T19:41:38","guid":{"rendered":"http:\/\/localhost\/A\/AbrantesAdvogados\/Dev\/build\/wordpress\/contactos\/"},"modified":"2024-05-17T12:35:12","modified_gmt":"2024-05-17T11:35:12","slug":"kontakte","status":"publish","type":"page","link":"https:\/\/www.abrantesadvogados.com\/de\/kontakte\/","title":{"rendered":"Kontakte"},"content":{"rendered":"\n<p>Um mit uns in Kontakt zu treten, stehen Ihnen folgende Daten zur Verf\u00fcgung:<\/p>\n\n\n\n<ul class=\"no-bullets wp-block-list\">\n<li><strong>Adresse<\/strong>: Rua Latino Coelho, n.\u00ba 87 &#8211; 1050-134 Lisboa<\/li>\n\n\n\n<li><strong>Telefon<\/strong>: <a href=\"tel:+351210935965\">(+351) 210 935 965<\/a><\/li>\n\n\n\n<li><strong>E-mail<\/strong>: <a href=\"mailto:geral@abrantesadvogados.com\">geral@abrantesadvogados.com<\/a><\/li>\n<\/ul>\n\n\n\n<p>Wenn Sie m\u00f6chten, k\u00f6nnen Sie uns ebenfalls \u00fcber das Kontaktformular erreichen.<\/p>\n","protected":false},"excerpt":{"rendered":"<p>Um mit uns in Kontakt zu treten, stehen Ihnen folgende Daten zur Verf\u00fcgung: Wenn Sie m\u00f6chten, k\u00f6nnen Sie uns ebenfalls \u00fcber das Kontaktformular erreichen.<\/p>\n","protected":false},"author":2,"featured_media":0,"parent":0,"menu_order":10,"comment_status":"closed","ping_status":"closed","template":"page-contactos.php","meta":{"footnotes":""},"class_list":["post-198","page","type-page","status-publish","hentry"],"_links":{"self":[{"href":"https:\/\/www.abrantesadvogados.com\/de\/wp-json\/wp\/v2\/pages\/198","targetHints":{"allow":["GET"]}}],"collection":[{"href":"https:\/\/www.abrantesadvogados.com\/de\/wp-json\/wp\/v2\/pages"}],"about":[{"href":"https:\/\/www.abrantesadvogados.com\/de\/wp-json\/wp\/v2\/types\/page"}],"author":[{"embeddable":true,"href":"https:\/\/www.abrantesadvogados.com\/de\/wp-json\/wp\/v2\/users\/2"}],"replies":[{"embeddable":true,"href":"https:\/\/www.abrantesadvogados.com\/de\/wp-json\/wp\/v2\/comments?post=198"}],"version-history":[{"count":3,"href":"https:\/\/www.abrantesadvogados.com\/de\/wp-json\/wp\/v2\/pages\/198\/revisions"}],"predecessor-version":[{"id":433,"href":"https:\/\/www.abrantesadvogados.com\/de\/wp-json\/wp\/v2\/pages\/198\/revisions\/433"}],"wp:attachment":[{"href":"https:\/\/www.abrantesadvogados.com\/de\/wp-json\/wp\/v2\/media?parent=198"}],"curies":[{"name":"wp","href":"https:\/\/api.w.org\/{rel}","templated":true}]}}