{"id":175,"date":"2024-05-10T20:40:36","date_gmt":"2024-05-10T19:40:36","guid":{"rendered":"http:\/\/localhost\/A\/AbrantesAdvogados\/Dev\/build\/wordpress\/equipa\/"},"modified":"2025-12-04T16:43:16","modified_gmt":"2025-12-04T16:43:16","slug":"equipo","status":"publish","type":"page","link":"https:\/\/www.abrantesadvogados.com\/es\/equipo\/","title":{"rendered":"Equipo"},"content":{"rendered":"\n<p>Andr\u00e9 Abrantes &#8211; Abogado\/socio fundador<\/p>\n\n\n\n<p><em>Curriculum Vitae:<\/em><\/p>\n\n\n\n<ul class=\"wp-block-list\">\n<li>Licenciatura en Derecho por la Facultad de Derecho de la Universidad de Lisboa (1994-1999);<\/li>\n\n\n\n<li>Postgrado en Derecho Administrativo por la Facultad de Derecho de la Universidad de Lisboa (1999-2000);<\/li>\n\n\n\n<li>Programa \u00abCorporate Legal: Adquisici\u00f3n de empresas aspectos legales y fiscales\u00bb por IE Law School, Madrid, Espa\u00f1a (2011);<\/li>\n\n\n\n<li>Abogado en pr\u00e1cticas (1999-2002);<\/li>\n\n\n\n<li>Abogado y abogado senior en distintos despachos de abogados portugueses (2002-2009);<\/li>\n\n\n\n<li>Abogado\/socio fundador desde 2009;<\/li>\n\n\n\n<li>Abogado senior (compliance) en distintos bancos internacionales, Z\u00farich, Suiza;<\/li>\n\n\n\n<li>Jurista-ling\u00fcista para el Tribunal de Justicia de la Uni\u00f3n Europea (2010-2013);<\/li>\n\n\n\n<li>Asesor legal del Ayuntamiento de Lisboa (2004-2006);<\/li>\n\n\n\n<li>Miembro del Consejo de Administraci\u00f3n de la C\u00e1mara de Comercio Luso-Belga-Luxemburguesa (2010-2011 y 2012-2013);<\/li>\n\n\n\n<li>Estudios en Alliance Fran\u00e7aise (18\/20), Goethe-Institut, Istituto Italiano y obtenci\u00f3n de Beca de Merito por la Embajada de Alemania en Portugal (uno de los doce mejores alumnos de alem\u00e1n a nivel nacional);<\/li>\n\n\n\n<li>Ense\u00f1anza secundaria concluida con la calificaci\u00f3n final promedia de 19 (0-20);<\/li>\n\n\n\n<li>Autor de varios art\u00edculos y publicaciones, especialmente en el \u00e1rea del derecho de las sociedades, inmobiliario, fiscal y de la inversi\u00f3n en Portugal.<\/li>\n<\/ul>\n","protected":false},"excerpt":{"rendered":"<p>Andr\u00e9 Abrantes &#8211; Abogado\/socio fundador Curriculum Vitae:<\/p>\n","protected":false},"author":2,"featured_media":0,"parent":0,"menu_order":5,"comment_status":"closed","ping_status":"closed","template":"","meta":{"footnotes":""},"class_list":["post-175","page","type-page","status-publish","hentry"],"_links":{"self":[{"href":"https:\/\/www.abrantesadvogados.com\/es\/wp-json\/wp\/v2\/pages\/175","targetHints":{"allow":["GET"]}}],"collection":[{"href":"https:\/\/www.abrantesadvogados.com\/es\/wp-json\/wp\/v2\/pages"}],"about":[{"href":"https:\/\/www.abrantesadvogados.com\/es\/wp-json\/wp\/v2\/types\/page"}],"author":[{"embeddable":true,"href":"https:\/\/www.abrantesadvogados.com\/es\/wp-json\/wp\/v2\/users\/2"}],"replies":[{"embeddable":true,"href":"https:\/\/www.abrantesadvogados.com\/es\/wp-json\/wp\/v2\/comments?post=175"}],"version-history":[{"count":5,"href":"https:\/\/www.abrantesadvogados.com\/es\/wp-json\/wp\/v2\/pages\/175\/revisions"}],"predecessor-version":[{"id":475,"href":"https:\/\/www.abrantesadvogados.com\/es\/wp-json\/wp\/v2\/pages\/175\/revisions\/475"}],"wp:attachment":[{"href":"https:\/\/www.abrantesadvogados.com\/es\/wp-json\/wp\/v2\/media?parent=175"}],"curies":[{"name":"wp","href":"https:\/\/api.w.org\/{rel}","templated":true}]}}