{"id":180,"date":"2024-05-10T20:40:44","date_gmt":"2024-05-10T19:40:44","guid":{"rendered":"http:\/\/localhost\/A\/AbrantesAdvogados\/Dev\/build\/wordpress\/trabalho-realizado\/"},"modified":"2024-05-16T12:32:14","modified_gmt":"2024-05-16T11:32:14","slug":"trabajo-hecho","status":"publish","type":"page","link":"https:\/\/www.abrantesadvogados.com\/es\/trabajo-hecho\/","title":{"rendered":"Trabajo Hecho"},"content":{"rendered":"\n<p>Desde sus inicios en 2009, la Oficina ha brindado servicios legales con gran \u00e9xito en los m\u00e1s variados campos. A continuaci\u00f3n, se muestran algunos ejemplos de nuestro trabajo hasta la fecha:<\/p>\n\n\n\n<ul class=\"wp-block-list\">\n<li>Constituci\u00f3n de varias sociedades de responsabilidad limitada para diferentes clientes extranjeros y portugueses;<\/li>\n\n\n\n<li>Asesoramiento jur\u00eddico corporativo continuo en el d\u00eda a d\u00eda para varias empresas;<\/li>\n\n\n\n<li>Redacci\u00f3n \/ revisi\u00f3n de varios tipos de acuerdos comerciales para diferentes clientes extranjeros y portugueses como suministro, distribuci\u00f3n, agencia y franquicia;<\/li>\n\n\n\n<li>Adquisici\u00f3n y venta de acciones en varias empresas;<\/li>\n\n\n\n<li>Redacci\u00f3n de contratos laborales para varias empresas;<\/li>\n\n\n\n<li>Compra y venta de inmuebles para varios clientes extranjeros y portugueses;<\/li>\n\n\n\n<li>Redacci\u00f3n \/ revisi\u00f3n de contratos de alquiler para varios clientes extranjeros y portugueses;<\/li>\n\n\n\n<li>Opiniones legales en las diversas \u00e1reas del derecho (comercial y societario, bancario y financiero, mercado de capitales, laboral, tributario, civil);<\/li>\n\n\n\n<li>Litigio tributario en general;<\/li>\n\n\n\n<li>Negociaci\u00f3n con compa\u00f1\u00edas de seguros para el otorgamiento de indemnizaciones derivadas de responsabilidad en accidentes automovil\u00edsticos;<\/li>\n\n\n\n<li>Litigio en el \u00e1rea de recuperaci\u00f3n de cr\u00e9ditos;<\/li>\n\n\n\n<li>Registro de marcas comerciales;<\/li>\n\n\n\n<li>Litigios en el \u00e1mbito de la propiedad industrial e intelectual;<\/li>\n\n\n\n<li>Asistencia jur\u00eddica en el \u00e1mbito del derecho sucesorio;<\/li>\n\n\n\n<li>Asistencia jur\u00eddica en el \u00e1mbito de la inmigraci\u00f3n y en la obtenci\u00f3n de la nacionalidad portuguesa.<\/li>\n<\/ul>\n","protected":false},"excerpt":{"rendered":"<p>Desde sus inicios en 2009, la Oficina ha brindado servicios legales con gran \u00e9xito en los m\u00e1s variados campos. A continuaci\u00f3n, se muestran algunos ejemplos de [&hellip;]<\/p>\n","protected":false},"author":2,"featured_media":0,"parent":0,"menu_order":6,"comment_status":"closed","ping_status":"closed","template":"","meta":{"footnotes":""},"class_list":["post-180","page","type-page","status-publish","hentry"],"_links":{"self":[{"href":"https:\/\/www.abrantesadvogados.com\/es\/wp-json\/wp\/v2\/pages\/180","targetHints":{"allow":["GET"]}}],"collection":[{"href":"https:\/\/www.abrantesadvogados.com\/es\/wp-json\/wp\/v2\/pages"}],"about":[{"href":"https:\/\/www.abrantesadvogados.com\/es\/wp-json\/wp\/v2\/types\/page"}],"author":[{"embeddable":true,"href":"https:\/\/www.abrantesadvogados.com\/es\/wp-json\/wp\/v2\/users\/2"}],"replies":[{"embeddable":true,"href":"https:\/\/www.abrantesadvogados.com\/es\/wp-json\/wp\/v2\/comments?post=180"}],"version-history":[{"count":4,"href":"https:\/\/www.abrantesadvogados.com\/es\/wp-json\/wp\/v2\/pages\/180\/revisions"}],"predecessor-version":[{"id":375,"href":"https:\/\/www.abrantesadvogados.com\/es\/wp-json\/wp\/v2\/pages\/180\/revisions\/375"}],"wp:attachment":[{"href":"https:\/\/www.abrantesadvogados.com\/es\/wp-json\/wp\/v2\/media?parent=180"}],"curies":[{"name":"wp","href":"https:\/\/api.w.org\/{rel}","templated":true}]}}