{"id":195,"date":"2024-05-10T20:41:29","date_gmt":"2024-05-10T19:41:29","guid":{"rendered":"http:\/\/localhost\/A\/AbrantesAdvogados\/Dev\/build\/wordpress\/nacionalidade\/"},"modified":"2024-05-16T12:48:07","modified_gmt":"2024-05-16T11:48:07","slug":"nacionalidad-portuguesa","status":"publish","type":"page","link":"https:\/\/www.abrantesadvogados.com\/es\/nacionalidad-portuguesa\/","title":{"rendered":"Nacionalidad Portuguesa"},"content":{"rendered":"\n<p>Lo sentimos, esta entrada s\u00f3lo est\u00e1 disponible en ingl\u00e9s.<\/p>\n","protected":false},"excerpt":{"rendered":"<p>Lo sentimos, esta entrada s\u00f3lo est\u00e1 disponible en ingl\u00e9s.<\/p>\n","protected":false},"author":2,"featured_media":0,"parent":0,"menu_order":9,"comment_status":"closed","ping_status":"closed","template":"","meta":{"footnotes":""},"class_list":["post-195","page","type-page","status-publish","hentry"],"_links":{"self":[{"href":"https:\/\/www.abrantesadvogados.com\/es\/wp-json\/wp\/v2\/pages\/195","targetHints":{"allow":["GET"]}}],"collection":[{"href":"https:\/\/www.abrantesadvogados.com\/es\/wp-json\/wp\/v2\/pages"}],"about":[{"href":"https:\/\/www.abrantesadvogados.com\/es\/wp-json\/wp\/v2\/types\/page"}],"author":[{"embeddable":true,"href":"https:\/\/www.abrantesadvogados.com\/es\/wp-json\/wp\/v2\/users\/2"}],"replies":[{"embeddable":true,"href":"https:\/\/www.abrantesadvogados.com\/es\/wp-json\/wp\/v2\/comments?post=195"}],"version-history":[{"count":3,"href":"https:\/\/www.abrantesadvogados.com\/es\/wp-json\/wp\/v2\/pages\/195\/revisions"}],"predecessor-version":[{"id":394,"href":"https:\/\/www.abrantesadvogados.com\/es\/wp-json\/wp\/v2\/pages\/195\/revisions\/394"}],"wp:attachment":[{"href":"https:\/\/www.abrantesadvogados.com\/es\/wp-json\/wp\/v2\/media?parent=195"}],"curies":[{"name":"wp","href":"https:\/\/api.w.org\/{rel}","templated":true}]}}