{"id":162,"date":"2024-05-10T20:40:10","date_gmt":"2024-05-10T19:40:10","guid":{"rendered":"http:\/\/localhost\/A\/AbrantesAdvogados\/Dev\/build\/wordpress\/os-valores\/"},"modified":"2024-05-15T18:59:55","modified_gmt":"2024-05-15T17:59:55","slug":"les-valeurs","status":"publish","type":"page","link":"https:\/\/www.abrantesadvogados.com\/fr\/les-valeurs\/","title":{"rendered":"Les Valeurs"},"content":{"rendered":"\n<p>Les valeurs qui r\u00e9gissent le Cabinet dans l&rsquo;offre de ses services juridiques on peut les r\u00e9sumer \u00e0 la quatre E&rsquo;s:<\/p>\n\n\n\n<div class=\"wp-block-columns is-layout-flex wp-container-core-columns-is-layout-9d6595d7 wp-block-columns-is-layout-flex\">\n<div class=\"wp-block-column is-layout-flow wp-block-column-is-layout-flow\">\n<ul class=\"wp-block-list\">\n<li><strong>Excellence <\/strong>&#8211; Offre des services juridiques de la plus haute qualit\u00e0 et rigueur du point de vue technique;<\/li>\n<\/ul>\n\n\n\n<ul class=\"wp-block-list\">\n<li><strong>Ethique <\/strong>&#8211; Action dans le respect int\u00e9gral des plus hauts principes \u00e9thique et de d\u00e9ontologie professionnelle;<\/li>\n<\/ul>\n<\/div>\n\n\n\n<div class=\"wp-block-column is-layout-flow wp-block-column-is-layout-flow\">\n<ul class=\"wp-block-list\">\n<li><strong>Efficacit\u00e9 <\/strong>&#8211; Approche pragmatique des questions et des probl\u00e8mes du Client envisageant sa r\u00e9solution de mani\u00e8re la plus simple et efficace possible, se traduisant pour lui dans une vraie plus value; et<\/li>\n<\/ul>\n\n\n\n<ul class=\"wp-block-list\">\n<li><strong>Economie <\/strong>&#8211; Offre des services juridiques permettant une plus grande \u00e9pargne des moyens et des ressources au Client;<\/li>\n<\/ul>\n<\/div>\n<\/div>\n","protected":false},"excerpt":{"rendered":"<p>Les valeurs qui r\u00e9gissent le Cabinet dans l&rsquo;offre de ses services juridiques on peut les r\u00e9sumer \u00e0 la quatre E&rsquo;s: Excellence offre des services juridiques de la plus<\/p>\n","protected":false},"author":2,"featured_media":0,"parent":0,"menu_order":3,"comment_status":"closed","ping_status":"closed","template":"","meta":{"footnotes":""},"class_list":["post-162","page","type-page","status-publish","hentry"],"_links":{"self":[{"href":"https:\/\/www.abrantesadvogados.com\/fr\/wp-json\/wp\/v2\/pages\/162","targetHints":{"allow":["GET"]}}],"collection":[{"href":"https:\/\/www.abrantesadvogados.com\/fr\/wp-json\/wp\/v2\/pages"}],"about":[{"href":"https:\/\/www.abrantesadvogados.com\/fr\/wp-json\/wp\/v2\/types\/page"}],"author":[{"embeddable":true,"href":"https:\/\/www.abrantesadvogados.com\/fr\/wp-json\/wp\/v2\/users\/2"}],"replies":[{"embeddable":true,"href":"https:\/\/www.abrantesadvogados.com\/fr\/wp-json\/wp\/v2\/comments?post=162"}],"version-history":[{"count":2,"href":"https:\/\/www.abrantesadvogados.com\/fr\/wp-json\/wp\/v2\/pages\/162\/revisions"}],"predecessor-version":[{"id":336,"href":"https:\/\/www.abrantesadvogados.com\/fr\/wp-json\/wp\/v2\/pages\/162\/revisions\/336"}],"wp:attachment":[{"href":"https:\/\/www.abrantesadvogados.com\/fr\/wp-json\/wp\/v2\/media?parent=162"}],"curies":[{"name":"wp","href":"https:\/\/api.w.org\/{rel}","templated":true}]}}