{"id":167,"date":"2024-05-10T20:40:23","date_gmt":"2024-05-10T19:40:23","guid":{"rendered":"http:\/\/localhost\/A\/AbrantesAdvogados\/Dev\/build\/wordpress\/areas-de-actividade\/"},"modified":"2024-05-14T18:13:27","modified_gmt":"2024-05-14T17:13:27","slug":"domaines-dactivite","status":"publish","type":"page","link":"https:\/\/www.abrantesadvogados.com\/fr\/domaines-dactivite\/","title":{"rendered":"Domaines d&rsquo;Activit\u00e9"},"content":{"rendered":"\n<p>Le Cabinet offre des services juridiques en tous les domaines du droit, d&rsquo;une fa\u00e7on int\u00e9gr\u00e9e, se centrant surtout dans les suivants:<\/p>\n\n\n\n<div class=\"wp-block-columns is-layout-flex wp-container-core-columns-is-layout-9d6595d7 wp-block-columns-is-layout-flex\">\n<div class=\"wp-block-column is-layout-flow wp-block-column-is-layout-flow\">\n<ul class=\"wp-block-list\">\n<li>Droit Commercial et des Soci\u00e9t\u00e9s, Fusions et Acquisitions<\/li>\n\n\n\n<li>Droit de la Banque, Financier, Assurance et des March\u00e9s de Capitaux<\/li>\n\n\n\n<li>Investissement \u00e9tranger<\/li>\n\n\n\n<li>Droit de l&rsquo;Immobilier et du Tourisme<\/li>\n\n\n\n<li>Droit Fiscal<\/li>\n\n\n\n<li>Droit du Travail et de la S\u00e9curit\u00e9 Sociale<\/li>\n<\/ul>\n<\/div>\n\n\n\n<div class=\"wp-block-column is-layout-flow wp-block-column-is-layout-flow\">\n<ul class=\"wp-block-list\">\n<li>Restructuration et Faillite<\/li>\n\n\n\n<li>Droit Civil, de la Famille et de l&rsquo;H\u00e9ritage<\/li>\n\n\n\n<li>Propri\u00e9t\u00e9 Industrielle et Intellectuelle<\/li>\n\n\n\n<li>Droit de l&rsquo;Immigration et Nationalit\u00e9<\/li>\n\n\n\n<li>Contentieux et Arbitrage<\/li>\n<\/ul>\n<\/div>\n<\/div>\n","protected":false},"excerpt":{"rendered":"<p>Le Cabinet offre des services juridiques en tous les domaines du droit, d&rsquo;une fa\u00e7on int\u00e9gr\u00e9e, se centrant surtout dans les suivants: Droit Commercial et des Soci\u00e9t\u00e9s, Fusions et Acquisitions<\/p>\n","protected":false},"author":2,"featured_media":0,"parent":0,"menu_order":4,"comment_status":"closed","ping_status":"closed","template":"","meta":{"footnotes":""},"class_list":["post-167","page","type-page","status-publish","hentry"],"_links":{"self":[{"href":"https:\/\/www.abrantesadvogados.com\/fr\/wp-json\/wp\/v2\/pages\/167","targetHints":{"allow":["GET"]}}],"collection":[{"href":"https:\/\/www.abrantesadvogados.com\/fr\/wp-json\/wp\/v2\/pages"}],"about":[{"href":"https:\/\/www.abrantesadvogados.com\/fr\/wp-json\/wp\/v2\/types\/page"}],"author":[{"embeddable":true,"href":"https:\/\/www.abrantesadvogados.com\/fr\/wp-json\/wp\/v2\/users\/2"}],"replies":[{"embeddable":true,"href":"https:\/\/www.abrantesadvogados.com\/fr\/wp-json\/wp\/v2\/comments?post=167"}],"version-history":[{"count":2,"href":"https:\/\/www.abrantesadvogados.com\/fr\/wp-json\/wp\/v2\/pages\/167\/revisions"}],"predecessor-version":[{"id":215,"href":"https:\/\/www.abrantesadvogados.com\/fr\/wp-json\/wp\/v2\/pages\/167\/revisions\/215"}],"wp:attachment":[{"href":"https:\/\/www.abrantesadvogados.com\/fr\/wp-json\/wp\/v2\/media?parent=167"}],"curies":[{"name":"wp","href":"https:\/\/api.w.org\/{rel}","templated":true}]}}