{"id":172,"date":"2024-05-10T20:40:36","date_gmt":"2024-05-10T19:40:36","guid":{"rendered":"http:\/\/localhost\/A\/AbrantesAdvogados\/Dev\/build\/wordpress\/equipa\/"},"modified":"2025-12-04T16:38:08","modified_gmt":"2025-12-04T16:38:08","slug":"equipe","status":"publish","type":"page","link":"https:\/\/www.abrantesadvogados.com\/fr\/equipe\/","title":{"rendered":"Equipe"},"content":{"rendered":"\n<p>Andr\u00e9 Abrantes &#8211; Avocat\/associ\u00e9 fondateur<\/p>\n\n\n\n<p><em>Curriculum Vitae:<\/em><\/p>\n\n\n\n<ul class=\"wp-block-list\">\n<li>Dipl\u00f4me en Droit par la Facult\u00e9 de Droit de l&rsquo;Universit\u00e9 de Lisbonne (1994-1999);<\/li>\n\n\n\n<li>Post graduation en Droit Administratif par la Facult\u00e9 de Droit de l&rsquo;Universit\u00e9 de Lisbonne (1999-2000);<\/li>\n\n\n\n<li>Programme \u00ab\u00a0Corporate Legal: Acquisition d&rsquo;entreprises &#8211; aspects l\u00e9gales et fiscales\u00a0\u00bb par IE Law School, Madrid, Espagne (2011);<\/li>\n\n\n\n<li>Avocat stagiaire (1999-2002);<\/li>\n\n\n\n<li>Avocat et avocat senior dans plusieurs cabinets d&rsquo;avocats portugais (2002-2009);<\/li>\n\n\n\n<li>Avocat associ\u00e9 fondateur depuis 2009;<\/li>\n\n\n\n<li>Avocat senior (compliance) dans plusieurs banques internationales, Zurich, Suisse;<\/li>\n\n\n\n<li>Juriste-linguiste freelance \u00e0 la Cour de Justice de l&rsquo;Union Europ\u00e9enne (2010-2013);<\/li>\n\n\n\n<li>Juriste \u00e0 la Mairie de Lisbonne (2004-2006);<\/li>\n\n\n\n<li>Membre du Conseil d&rsquo;Administration de la Chambre de Commerce Luso-Belgo-Luxembourgeoise (2010-2012 et 2012-2013);<\/li>\n\n\n\n<li>\u00c9tudes en Alliance Fran\u00e7aise (18\/20), Goethe-Institut, Istituto Italiano et attribue une Bourse de M\u00e9rite par l&rsquo;Ambassade de l&rsquo;Allemagne au Portugal (l&rsquo;un des douze meilleures \u00e9tudiants de langue allemande au niveau national);<\/li>\n\n\n\n<li>\u00c9cole secondaire conclu avec la note final moyenne de 19 valeurs (0-20);<\/li>\n\n\n\n<li>Auteur de plusieurs articles et publications, notamment dans le domaine du droit des soci\u00e9t\u00e9s, immobilier, fiscalit\u00e9 et de l&rsquo;investissement au Portugal;<\/li>\n<\/ul>\n","protected":false},"excerpt":{"rendered":"<p>Andr\u00e9 Abrantes &#8211; Avocat\/associ\u00e9 fondateur Curriculum Vitae:<\/p>\n","protected":false},"author":2,"featured_media":0,"parent":0,"menu_order":5,"comment_status":"closed","ping_status":"closed","template":"","meta":{"footnotes":""},"class_list":["post-172","page","type-page","status-publish","hentry"],"_links":{"self":[{"href":"https:\/\/www.abrantesadvogados.com\/fr\/wp-json\/wp\/v2\/pages\/172","targetHints":{"allow":["GET"]}}],"collection":[{"href":"https:\/\/www.abrantesadvogados.com\/fr\/wp-json\/wp\/v2\/pages"}],"about":[{"href":"https:\/\/www.abrantesadvogados.com\/fr\/wp-json\/wp\/v2\/types\/page"}],"author":[{"embeddable":true,"href":"https:\/\/www.abrantesadvogados.com\/fr\/wp-json\/wp\/v2\/users\/2"}],"replies":[{"embeddable":true,"href":"https:\/\/www.abrantesadvogados.com\/fr\/wp-json\/wp\/v2\/comments?post=172"}],"version-history":[{"count":5,"href":"https:\/\/www.abrantesadvogados.com\/fr\/wp-json\/wp\/v2\/pages\/172\/revisions"}],"predecessor-version":[{"id":469,"href":"https:\/\/www.abrantesadvogados.com\/fr\/wp-json\/wp\/v2\/pages\/172\/revisions\/469"}],"wp:attachment":[{"href":"https:\/\/www.abrantesadvogados.com\/fr\/wp-json\/wp\/v2\/media?parent=172"}],"curies":[{"name":"wp","href":"https:\/\/api.w.org\/{rel}","templated":true}]}}