{"id":197,"date":"2024-05-10T20:41:38","date_gmt":"2024-05-10T19:41:38","guid":{"rendered":"http:\/\/localhost\/A\/AbrantesAdvogados\/Dev\/build\/wordpress\/contactos\/"},"modified":"2024-05-17T12:34:47","modified_gmt":"2024-05-17T11:34:47","slug":"contacts","status":"publish","type":"page","link":"https:\/\/www.abrantesadvogados.com\/fr\/contacts\/","title":{"rendered":"Contacts"},"content":{"rendered":"\n<p>Si vous souhaitez nous contacter, ci-dessous nos coordonn\u00e9es:<\/p>\n\n\n\n<ul class=\"no-bullets wp-block-list\">\n<li><strong>Adresse<\/strong>: Rua Latino Coelho, n.\u00ba 87 &#8211; 1050-134 Lisboa<\/li>\n\n\n\n<li><strong>T\u00e9l\u00e9phone<\/strong>: <a href=\"tel:+351210935965\">(+351) 210 935 965<\/a><\/li>\n\n\n\n<li><strong>E-mail<\/strong>: <a href=\"mailto:geral@abrantesadvogados.com\">geral@abrantesadvogados.com<\/a><\/li>\n<\/ul>\n\n\n\n<p>Si vous pr\u00e9f\u00e9rez, vous pouvez utiliser cette voie, en remplissant le formulaire suivant.<\/p>\n","protected":false},"excerpt":{"rendered":"<p>Si vous souhaitez nous contacter, ci-dessous nos coordonn\u00e9es: Si vous pr\u00e9f\u00e9rez, vous pouvez utiliser cette voie, en remplissant le formulaire suivant.<\/p>\n","protected":false},"author":2,"featured_media":0,"parent":0,"menu_order":10,"comment_status":"closed","ping_status":"closed","template":"page-contactos.php","meta":{"footnotes":""},"class_list":["post-197","page","type-page","status-publish","hentry"],"_links":{"self":[{"href":"https:\/\/www.abrantesadvogados.com\/fr\/wp-json\/wp\/v2\/pages\/197","targetHints":{"allow":["GET"]}}],"collection":[{"href":"https:\/\/www.abrantesadvogados.com\/fr\/wp-json\/wp\/v2\/pages"}],"about":[{"href":"https:\/\/www.abrantesadvogados.com\/fr\/wp-json\/wp\/v2\/types\/page"}],"author":[{"embeddable":true,"href":"https:\/\/www.abrantesadvogados.com\/fr\/wp-json\/wp\/v2\/users\/2"}],"replies":[{"embeddable":true,"href":"https:\/\/www.abrantesadvogados.com\/fr\/wp-json\/wp\/v2\/comments?post=197"}],"version-history":[{"count":3,"href":"https:\/\/www.abrantesadvogados.com\/fr\/wp-json\/wp\/v2\/pages\/197\/revisions"}],"predecessor-version":[{"id":432,"href":"https:\/\/www.abrantesadvogados.com\/fr\/wp-json\/wp\/v2\/pages\/197\/revisions\/432"}],"wp:attachment":[{"href":"https:\/\/www.abrantesadvogados.com\/fr\/wp-json\/wp\/v2\/media?parent=197"}],"curies":[{"name":"wp","href":"https:\/\/api.w.org\/{rel}","templated":true}]}}