{"id":143,"date":"2024-05-10T20:40:01","date_gmt":"2024-05-10T19:40:01","guid":{"rendered":"http:\/\/localhost\/A\/AbrantesAdvogados\/Dev\/build\/wordpress\/sobre-nos\/"},"modified":"2024-10-08T16:59:00","modified_gmt":"2024-10-08T15:59:00","slug":"chi-siamo","status":"publish","type":"page","link":"https:\/\/www.abrantesadvogados.com\/it\/chi-siamo\/","title":{"rendered":"Chi Siamo"},"content":{"rendered":"\n<p>Con oltre venticinque anni di esperienza professionale, in particolare nell&#8217;area del diritto degli affari, lo Studio Legale riflette l&#8217;autonomia della pratica del suo avvocato fondatore, che ha studiato diritto presso la Facolt\u00e0 di Giurisprudenza della Universit\u00e0 di Lisbona &#8211; una delle due pi\u00f9 prestigiose Facolt\u00e0 di Giurisprudenza in Portogallo &#8211; che mira a fornire servizi legali eccezionali in modo integrato, per aziende e privati, nazionali ed esteri.<\/p>\n\n\n\n<p>Dalla sua creazione nel 2009, lo Studio ha consigliato con abbastanza successo soppratutto dei clienti stranieri con i loro investimenti in Portogallo, siano essi individui, piccole, medie o grandi aziende.<\/p>\n\n\n\n<p>Lo Studio Legale parte di modo non exclusivo di una rete internazionale di studi legali indipendenti e specializzati nel campo delle imprese e dei affari, presente in oltre 100 paesi nei cinque continenti, che permette ai suoi clienti nazionali e stranieri beneficiare di una asistenza legale permanente e affidabile per realizzare loro investimenti e attivit\u00e0 in qualsiasi di questi paesi.<\/p>\n","protected":false},"excerpt":{"rendered":"<p>Con oltre venti anni di esperienza professionale, in particolare nell&#8217;area del diritto degli affari, lo Studio Legale riflette l&#8217;autonomia della pratica del suo avvocato fondatore<\/p>\n","protected":false},"author":2,"featured_media":0,"parent":0,"menu_order":2,"comment_status":"closed","ping_status":"closed","template":"","meta":{"footnotes":""},"class_list":["post-143","page","type-page","status-publish","hentry"],"_links":{"self":[{"href":"https:\/\/www.abrantesadvogados.com\/it\/wp-json\/wp\/v2\/pages\/143","targetHints":{"allow":["GET"]}}],"collection":[{"href":"https:\/\/www.abrantesadvogados.com\/it\/wp-json\/wp\/v2\/pages"}],"about":[{"href":"https:\/\/www.abrantesadvogados.com\/it\/wp-json\/wp\/v2\/types\/page"}],"author":[{"embeddable":true,"href":"https:\/\/www.abrantesadvogados.com\/it\/wp-json\/wp\/v2\/users\/2"}],"replies":[{"embeddable":true,"href":"https:\/\/www.abrantesadvogados.com\/it\/wp-json\/wp\/v2\/comments?post=143"}],"version-history":[{"count":2,"href":"https:\/\/www.abrantesadvogados.com\/it\/wp-json\/wp\/v2\/pages\/143\/revisions"}],"predecessor-version":[{"id":450,"href":"https:\/\/www.abrantesadvogados.com\/it\/wp-json\/wp\/v2\/pages\/143\/revisions\/450"}],"wp:attachment":[{"href":"https:\/\/www.abrantesadvogados.com\/it\/wp-json\/wp\/v2\/media?parent=143"}],"curies":[{"name":"wp","href":"https:\/\/api.w.org\/{rel}","templated":true}]}}